{"id":362,"date":"2018-04-02T02:28:22","date_gmt":"2018-04-02T08:28:22","guid":{"rendered":"http:\/\/divecharrocozumel.com\/?page_id=362"},"modified":"2024-09-10T15:38:55","modified_gmt":"2024-09-10T21:38:55","slug":"our-services","status":"publish","type":"page","link":"https:\/\/divecharrocozumel.com\/es\/our-services\/","title":{"rendered":"Otros Servicios"},"content":{"rendered":"<p style=\"text-align: justify;\">Nuestro principal objetivo es asegurarnos de que su estad\u00eda sea una experiencia \u00fanica. Ofrecemos servicios personalizados de buceo, snorkel y pesca.<br \/>\nSalimos todos los d\u00edas a las 9:30 a.m., su viaje de buceo incluye dos inmersiones de 2 tanques, y un almuerzo delicioso y fresco. Se ofrece fruta fresca como aperitivo junto con agua embotellada y refrescos.<\/p>\n<p style=\"text-align: center;\"><a href=\"http:\/\/divecharrocozumel.com\/wp-content\/uploads\/2018\/04\/LOUNCH.jpg\"><img loading=\"lazy\" class=\"alignnone size-medium wp-image-365\" src=\"http:\/\/divecharrocozumel.com\/wp-content\/uploads\/2018\/04\/LOUNCH-300x215.jpg\" alt=\"LOUNCH\" width=\"300\" height=\"215\" srcset=\"https:\/\/divecharrocozumel.com\/wp-content\/uploads\/2018\/04\/LOUNCH-300x215.jpg 300w, https:\/\/divecharrocozumel.com\/wp-content\/uploads\/2018\/04\/LOUNCH.jpg 809w\" sizes=\"(max-width: 300px) 100vw, 300px\" \/><\/a><\/p>\n<p style=\"text-align: justify;\">Nuestros gu\u00edas de buceo siempre est\u00e1n listos para mostrarle espectaculares formaciones de coral llenas de bancos de peces tropicales en las incre\u00edbles aguas color turquesa de Cozumel. \u00a1No esperes m\u00e1s! Disfruta de esta maravillosa aventura &#8220;BUCEO CON CHARRO&#8221;.<\/p>\n<p style=\"text-align: center;\"><a href=\"http:\/\/divecharrocozumel.com\/wp-content\/uploads\/2018\/04\/14257_2653365909293_692784160_n.jpg\"><img loading=\"lazy\" class=\"alignnone size-medium wp-image-366\" src=\"http:\/\/divecharrocozumel.com\/wp-content\/uploads\/2018\/04\/14257_2653365909293_692784160_n-300x225.jpg\" alt=\"14257_2653365909293_692784160_n\" width=\"300\" height=\"225\" srcset=\"https:\/\/divecharrocozumel.com\/wp-content\/uploads\/2018\/04\/14257_2653365909293_692784160_n-300x225.jpg 300w, https:\/\/divecharrocozumel.com\/wp-content\/uploads\/2018\/04\/14257_2653365909293_692784160_n.jpg 960w\" sizes=\"(max-width: 300px) 100vw, 300px\" \/><\/a><\/p>\n","protected":false},"excerpt":{"rendered":"<p>Nuestro principal objetivo es asegurarnos de que su estad\u00eda sea una experiencia \u00fanica. Ofrecemos servicios personalizados de buceo, snorkel y pesca. Salimos todos los d\u00edas a las 9:30 a.m., su viaje de buceo incluye dos inmersiones de 2 tanques, y un almuerzo delicioso y fresco. Se ofrece fruta fresca como aperitivo junto con agua embotellada [&hellip;]<\/p>\n","protected":false},"author":1,"featured_media":0,"parent":0,"menu_order":0,"comment_status":"closed","ping_status":"closed","template":"","meta":[],"translation":{"provider":"WPGlobus","version":"2.10.3","language":"es","enabled_languages":["en","es"],"languages":{"en":{"title":true,"content":true,"excerpt":false},"es":{"title":true,"content":true,"excerpt":false}}},"_links":{"self":[{"href":"https:\/\/divecharrocozumel.com\/es\/wp-json\/wp\/v2\/pages\/362"}],"collection":[{"href":"https:\/\/divecharrocozumel.com\/es\/wp-json\/wp\/v2\/pages"}],"about":[{"href":"https:\/\/divecharrocozumel.com\/es\/wp-json\/wp\/v2\/types\/page"}],"author":[{"embeddable":true,"href":"https:\/\/divecharrocozumel.com\/es\/wp-json\/wp\/v2\/users\/1"}],"replies":[{"embeddable":true,"href":"https:\/\/divecharrocozumel.com\/es\/wp-json\/wp\/v2\/comments?post=362"}],"version-history":[{"count":8,"href":"https:\/\/divecharrocozumel.com\/es\/wp-json\/wp\/v2\/pages\/362\/revisions"}],"predecessor-version":[{"id":390,"href":"https:\/\/divecharrocozumel.com\/es\/wp-json\/wp\/v2\/pages\/362\/revisions\/390"}],"wp:attachment":[{"href":"https:\/\/divecharrocozumel.com\/es\/wp-json\/wp\/v2\/media?parent=362"}],"curies":[{"name":"wp","href":"https:\/\/api.w.org\/{rel}","templated":true}]}}