{"id":2,"date":"2015-07-19T19:31:13","date_gmt":"2015-07-20T01:31:13","guid":{"rendered":"http:\/\/divecharrocozumel.com\/?page_id=2"},"modified":"2018-04-06T20:08:31","modified_gmt":"2018-04-07T02:08:31","slug":"history","status":"publish","type":"page","link":"https:\/\/divecharrocozumel.com\/es\/history\/","title":{"rendered":"Historia"},"content":{"rendered":"<div id=\"attachment_37\" style=\"width: 310px\" class=\"wp-caption alignright\"><img aria-describedby=\"caption-attachment-37\" loading=\"lazy\" class=\"wp-image-37 size-medium\" src=\"http:\/\/divecharrocozumel.com\/wp-content\/uploads\/2015\/07\/11823985_10207259122506182_1509211745_n-300x196.jpg\" alt=\"11823985_10207259122506182_1509211745_n\" width=\"300\" height=\"196\" srcset=\"https:\/\/divecharrocozumel.com\/wp-content\/uploads\/2015\/07\/11823985_10207259122506182_1509211745_n-300x196.jpg 300w, https:\/\/divecharrocozumel.com\/wp-content\/uploads\/2015\/07\/11823985_10207259122506182_1509211745_n.jpg 315w\" sizes=\"(max-width: 300px) 100vw, 300px\" \/><p id=\"caption-attachment-37\" class=\"wp-caption-text\">Charro<\/p><\/div>\n<p style=\"text-align: justify;\">Charro empez\u00f3 a bucear en Cozumel en el a\u00f1o 1968, siendo en ese entonces Gu\u00eda de Buceo en la compa\u00f1\u00eda Aqua Safari. En esos tiempos bucear era algo desconocido y cada salida era una aventura nueva. Durante el paso de los a\u00f1os CHARRO aprendi\u00f3 el idioma ingl\u00e9s y se certific\u00f3 como uno de los primeros instructores de buceo de la isla.<\/p>\n<p style=\"text-align: justify;\">En 1989 compr\u00f3 su primer barco \u201cLa Sinaloa\u201d, posteriormente lleg\u00f3 \u201cMayte\u201d quien sustituyo a la primera.<\/p>\n<div id=\"attachment_36\" style=\"width: 310px\" class=\"wp-caption alignleft\"><img aria-describedby=\"caption-attachment-36\" loading=\"lazy\" class=\"wp-image-36 size-medium\" src=\"http:\/\/divecharrocozumel.com\/wp-content\/uploads\/2015\/07\/11823958_10207259121426155_1603641619_n-300x300.jpg\" alt=\"11823958_10207259121426155_1603641619_n\" width=\"300\" height=\"300\" srcset=\"https:\/\/divecharrocozumel.com\/wp-content\/uploads\/2015\/07\/11823958_10207259121426155_1603641619_n-300x300.jpg 300w, https:\/\/divecharrocozumel.com\/wp-content\/uploads\/2015\/07\/11823958_10207259121426155_1603641619_n-150x150.jpg 150w, https:\/\/divecharrocozumel.com\/wp-content\/uploads\/2015\/07\/11823958_10207259121426155_1603641619_n.jpg 414w\" sizes=\"(max-width: 300px) 100vw, 300px\" \/><p id=\"caption-attachment-36\" class=\"wp-caption-text\">Carlos<\/p><\/div>\n<p style=\"text-align: justify;\">Actualmente trabaja con su hijo Carlos en la embarcaci\u00f3n \u201cMy Way\u201d, quien desde muy joven adquiri\u00f3 el gusto por el mar, que al paso de los a\u00f1os lo llev\u00f3 a hacerse cargo de la compa\u00f1\u00eda, garantizando a los clientes y amigos la satisfacci\u00f3n y calidad del servicio que ofrece Dive Charro Cozumel.<\/p>\n","protected":false},"excerpt":{"rendered":"<p>Charro empez\u00f3 a bucear en Cozumel en el a\u00f1o 1968, siendo en ese entonces Gu\u00eda de Buceo en la compa\u00f1\u00eda Aqua Safari. En esos tiempos bucear era algo desconocido y cada salida era una aventura nueva. Durante el paso de los a\u00f1os CHARRO aprendi\u00f3 el idioma ingl\u00e9s y se certific\u00f3 como uno de los primeros [&hellip;]<\/p>\n","protected":false},"author":1,"featured_media":0,"parent":0,"menu_order":3,"comment_status":"open","ping_status":"open","template":"","meta":[],"translation":{"provider":"WPGlobus","version":"2.10.3","language":"es","enabled_languages":["en","es"],"languages":{"en":{"title":true,"content":true,"excerpt":false},"es":{"title":true,"content":true,"excerpt":false}}},"_links":{"self":[{"href":"https:\/\/divecharrocozumel.com\/es\/wp-json\/wp\/v2\/pages\/2"}],"collection":[{"href":"https:\/\/divecharrocozumel.com\/es\/wp-json\/wp\/v2\/pages"}],"about":[{"href":"https:\/\/divecharrocozumel.com\/es\/wp-json\/wp\/v2\/types\/page"}],"author":[{"embeddable":true,"href":"https:\/\/divecharrocozumel.com\/es\/wp-json\/wp\/v2\/users\/1"}],"replies":[{"embeddable":true,"href":"https:\/\/divecharrocozumel.com\/es\/wp-json\/wp\/v2\/comments?post=2"}],"version-history":[{"count":12,"href":"https:\/\/divecharrocozumel.com\/es\/wp-json\/wp\/v2\/pages\/2\/revisions"}],"predecessor-version":[{"id":496,"href":"https:\/\/divecharrocozumel.com\/es\/wp-json\/wp\/v2\/pages\/2\/revisions\/496"}],"wp:attachment":[{"href":"https:\/\/divecharrocozumel.com\/es\/wp-json\/wp\/v2\/media?parent=2"}],"curies":[{"name":"wp","href":"https:\/\/api.w.org\/{rel}","templated":true}]}}